{"id":2057,"date":"2022-10-20T08:56:06","date_gmt":"2022-10-20T05:56:06","guid":{"rendered":"https:\/\/crosslam.fi\/?page_id=2057"},"modified":"2025-04-23T08:49:19","modified_gmt":"2025-04-23T05:49:19","slug":"contact","status":"publish","type":"page","link":"https:\/\/crosslam.fi\/en\/contact\/","title":{"rendered":"Contact"},"content":{"rendered":"\n<div style=\"height:80px\" aria-hidden=\"true\" class=\"wp-block-spacer\"><\/div>\n\n\n\n<div class=\"wp-block-columns is-layout-flex wp-container-core-columns-is-layout-9d6595d7 wp-block-columns-is-layout-flex\">\n<div class=\"wp-block-column is-layout-flow wp-block-column-is-layout-flow\">\n<h2 class=\"wp-block-heading has-dark-gray-color has-text-color has-small-font-size\">Oy Crosslam Kuhmo Ltd.<\/h2>\n\n\n\n<p>Kivikatu 4, 88900 Kuhmo, Finland<br><a href=\"tel:+358 44 7474 748\">+358 44 7474 748<\/a><br><a href=\"mailto:asiakaspalvelu@crosslam.fi\">asiakaspalvelu@crosslam.fi<\/a><\/p>\n\n\n\n<div style=\"height:10px\" aria-hidden=\"true\" class=\"wp-block-spacer\"><\/div>\n\n\n\n<p class=\"has-dark-gray-color has-text-color\"><strong>Request for quotation<\/strong><br><a href=\"mailto:tarjouspyynto@crosslam.fi\">tarjouspyynto@crosslam.fi<\/a><\/p>\n\n\n\n<div style=\"height:10px\" aria-hidden=\"true\" class=\"wp-block-spacer\"><\/div>\n\n\n\n<p class=\"has-dark-gray-color has-text-color\"><strong>Invoicing<\/strong><br>E-invoicing address: 003725897678<br>Operator: Maventa Oy<br>Operator ID: 003721291126<\/p>\n<\/div>\n\n\n\n<div class=\"wp-block-column is-vertically-aligned-center is-layout-flow wp-block-column-is-layout-flow\"><div class=\"wp-block-image\">\n<figure class=\"alignleft size-full is-resized\"><img loading=\"lazy\" decoding=\"async\" width=\"777\" height=\"325\" src=\"https:\/\/crosslam.fi\/wp-content\/uploads\/2022\/09\/crosslam-logo-slogan.svg\" alt=\"\" class=\"wp-image-5\" style=\"width:300px;height:125px\"\/><\/figure>\n<\/div><\/div>\n<\/div>\n\n\n\n<div style=\"height:90px\" aria-hidden=\"true\" id=\"crosslam-clt-myynti\" class=\"wp-block-spacer\"><\/div>\n\n\n\n<h4 class=\"wp-block-heading has-dark-gray-color has-text-color has-medium-font-size\">Sales and marketing<\/h4>\n\n\n\n<div style=\"height:30px\" aria-hidden=\"true\" class=\"wp-block-spacer\"><\/div>\n\n\n\n<div class=\"wp-block-columns is-layout-flex wp-container-core-columns-is-layout-9d6595d7 wp-block-columns-is-layout-flex\">\n<div class=\"wp-block-column is-layout-flow wp-block-column-is-layout-flow\">\n<figure class=\"wp-block-image size-large\"><img loading=\"lazy\" decoding=\"async\" width=\"1024\" height=\"1024\" src=\"https:\/\/crosslam.fi\/wp-content\/uploads\/2025\/04\/vesa-mv-2025-1024x1024.jpg\" alt=\"\" class=\"wp-image-4143\" srcset=\"https:\/\/crosslam.fi\/wp-content\/uploads\/2025\/04\/vesa-mv-2025-1024x1024.jpg 1024w, https:\/\/crosslam.fi\/wp-content\/uploads\/2025\/04\/vesa-mv-2025-300x300.jpg 300w, https:\/\/crosslam.fi\/wp-content\/uploads\/2025\/04\/vesa-mv-2025-150x150.jpg 150w, https:\/\/crosslam.fi\/wp-content\/uploads\/2025\/04\/vesa-mv-2025-768x768.jpg 768w, https:\/\/crosslam.fi\/wp-content\/uploads\/2025\/04\/vesa-mv-2025-1536x1536.jpg 1536w, https:\/\/crosslam.fi\/wp-content\/uploads\/2025\/04\/vesa-mv-2025.jpg 1920w, https:\/\/crosslam.fi\/wp-content\/uploads\/2025\/04\/vesa-mv-2025-1600x1600.jpg 1600w\" sizes=\"auto, (max-width: 1024px) 100vw, 1024px\" \/><\/figure>\n\n\n\n<h4 class=\"wp-block-heading has-dark-gray-color has-text-color has-small-font-size\">Vesa Saarelainen<\/h4>\n\n\n\n<p class=\"has-light-gray-color has-text-color has-small-font-size\" style=\"letter-spacing:1px\"><strong>SALES MANAGER<\/strong><\/p>\n\n\n\n<p><a href=\"tel:+358405534267\">+358 40&nbsp;553 4267<\/a><br><a href=\"mailto:vesa.saarelainen@crosslam.fi\" target=\"_blank\" rel=\"noreferrer noopener\">vesa.saarelainen@crosslam.fi<\/a><\/p>\n<\/div>\n\n\n\n<div class=\"wp-block-column is-layout-flow wp-block-column-is-layout-flow\">\n<figure class=\"wp-block-image size-full\"><img loading=\"lazy\" decoding=\"async\" width=\"1920\" height=\"1920\" src=\"https:\/\/crosslam.fi\/wp-content\/uploads\/2025\/04\/susanna-mv-2025.jpg\" alt=\"\" class=\"wp-image-4137\" srcset=\"https:\/\/crosslam.fi\/wp-content\/uploads\/2025\/04\/susanna-mv-2025.jpg 1920w, https:\/\/crosslam.fi\/wp-content\/uploads\/2025\/04\/susanna-mv-2025-300x300.jpg 300w, https:\/\/crosslam.fi\/wp-content\/uploads\/2025\/04\/susanna-mv-2025-1024x1024.jpg 1024w, https:\/\/crosslam.fi\/wp-content\/uploads\/2025\/04\/susanna-mv-2025-150x150.jpg 150w, https:\/\/crosslam.fi\/wp-content\/uploads\/2025\/04\/susanna-mv-2025-768x768.jpg 768w, https:\/\/crosslam.fi\/wp-content\/uploads\/2025\/04\/susanna-mv-2025-1536x1536.jpg 1536w, https:\/\/crosslam.fi\/wp-content\/uploads\/2025\/04\/susanna-mv-2025-1600x1600.jpg 1600w\" sizes=\"auto, (max-width: 1920px) 100vw, 1920px\" \/><\/figure>\n\n\n\n<h4 class=\"wp-block-heading has-dark-gray-color has-text-color has-small-font-size\">Susanna Pyykk\u00f6nen<\/h4>\n\n\n\n<p class=\"has-light-gray-color has-text-color has-small-font-size\" style=\"letter-spacing:1px\"><strong>PROJECT MANAGER<\/strong><\/p>\n\n\n\n<p><a href=\"tel:+358447336602\">+358 44&nbsp;733 6602<\/a><br><a href=\"mailto:susanna.pyykkonen@crosslam.fi\">susanna.pyykkonen@crosslam.fi<\/a><\/p>\n<\/div>\n\n\n\n<div class=\"wp-block-column is-layout-flow wp-block-column-is-layout-flow\"><\/div>\n<\/div>\n\n\n\n<div style=\"height:30px\" aria-hidden=\"true\" class=\"wp-block-spacer\"><\/div>\n\n\n\n<h4 class=\"wp-block-heading has-dark-gray-color has-text-color has-medium-font-size\">Design<\/h4>\n\n\n\n<div style=\"height:30px\" aria-hidden=\"true\" class=\"wp-block-spacer\"><\/div>\n\n\n\n<div class=\"wp-block-columns is-layout-flex wp-container-core-columns-is-layout-9d6595d7 wp-block-columns-is-layout-flex\">\n<div class=\"wp-block-column is-layout-flow wp-block-column-is-layout-flow\">\n<figure class=\"wp-block-image size-full\"><img loading=\"lazy\" decoding=\"async\" width=\"1920\" height=\"1920\" src=\"https:\/\/crosslam.fi\/wp-content\/uploads\/2025\/04\/tomi-mv-2025.jpg\" alt=\"\" class=\"wp-image-4141\" srcset=\"https:\/\/crosslam.fi\/wp-content\/uploads\/2025\/04\/tomi-mv-2025.jpg 1920w, https:\/\/crosslam.fi\/wp-content\/uploads\/2025\/04\/tomi-mv-2025-300x300.jpg 300w, https:\/\/crosslam.fi\/wp-content\/uploads\/2025\/04\/tomi-mv-2025-1024x1024.jpg 1024w, https:\/\/crosslam.fi\/wp-content\/uploads\/2025\/04\/tomi-mv-2025-150x150.jpg 150w, https:\/\/crosslam.fi\/wp-content\/uploads\/2025\/04\/tomi-mv-2025-768x768.jpg 768w, https:\/\/crosslam.fi\/wp-content\/uploads\/2025\/04\/tomi-mv-2025-1536x1536.jpg 1536w, https:\/\/crosslam.fi\/wp-content\/uploads\/2025\/04\/tomi-mv-2025-1600x1600.jpg 1600w\" sizes=\"auto, (max-width: 1920px) 100vw, 1920px\" \/><\/figure>\n\n\n\n<h4 class=\"wp-block-heading has-dark-gray-color has-text-color has-small-font-size\">Tomi Malin<\/h4>\n\n\n\n<p class=\"has-light-gray-color has-text-color has-small-font-size\" style=\"letter-spacing:1px\"><strong><strong>DESIGN MANAGER<\/strong><\/strong><\/p>\n\n\n\n<p><a href=\"tel:+358444249389\">+358 44 424 9389<\/a><br><a href=\"mailto:tomi.malin@crosslam.fi\">tomi.malin@crosslam.fi<\/a><\/p>\n<\/div>\n\n\n\n<div class=\"wp-block-column is-layout-flow wp-block-column-is-layout-flow\">\n<figure class=\"wp-block-image size-full\"><img loading=\"lazy\" decoding=\"async\" width=\"1920\" height=\"1920\" src=\"https:\/\/crosslam.fi\/wp-content\/uploads\/2025\/04\/heikki-mv-2025.jpg\" alt=\"\" class=\"wp-image-4133\" srcset=\"https:\/\/crosslam.fi\/wp-content\/uploads\/2025\/04\/heikki-mv-2025.jpg 1920w, https:\/\/crosslam.fi\/wp-content\/uploads\/2025\/04\/heikki-mv-2025-300x300.jpg 300w, https:\/\/crosslam.fi\/wp-content\/uploads\/2025\/04\/heikki-mv-2025-1024x1024.jpg 1024w, https:\/\/crosslam.fi\/wp-content\/uploads\/2025\/04\/heikki-mv-2025-150x150.jpg 150w, https:\/\/crosslam.fi\/wp-content\/uploads\/2025\/04\/heikki-mv-2025-768x768.jpg 768w, https:\/\/crosslam.fi\/wp-content\/uploads\/2025\/04\/heikki-mv-2025-1536x1536.jpg 1536w, https:\/\/crosslam.fi\/wp-content\/uploads\/2025\/04\/heikki-mv-2025-1600x1600.jpg 1600w\" sizes=\"auto, (max-width: 1920px) 100vw, 1920px\" \/><\/figure>\n\n\n\n<h4 class=\"wp-block-heading has-dark-gray-color has-text-color has-small-font-size\">Heikki Huotari<\/h4>\n\n\n\n<p class=\"has-light-gray-color has-text-color has-small-font-size\" style=\"letter-spacing:1px\"><strong>DESIGN ENGINEER<\/strong><\/p>\n\n\n\n<p><a href=\"tel:+358413118410\">+358 41&nbsp;311 8410<\/a><br><a href=\"mailto:heikki.huotari@crosslam.fi\">heikki.huotari@crosslam.fi<\/a><\/p>\n<\/div>\n\n\n\n<div class=\"wp-block-column is-layout-flow wp-block-column-is-layout-flow\"><\/div>\n<\/div>\n\n\n\n<div style=\"height:30px\" aria-hidden=\"true\" class=\"wp-block-spacer\"><\/div>\n\n\n\n<h4 class=\"wp-block-heading has-dark-gray-color has-text-color has-medium-font-size\">Production<\/h4>\n\n\n\n<div style=\"height:30px\" aria-hidden=\"true\" class=\"wp-block-spacer\"><\/div>\n\n\n\n<div class=\"wp-block-columns is-layout-flex wp-container-core-columns-is-layout-9d6595d7 wp-block-columns-is-layout-flex\">\n<div class=\"wp-block-column is-layout-flow wp-block-column-is-layout-flow\">\n<figure class=\"wp-block-image size-full\"><img loading=\"lazy\" decoding=\"async\" width=\"1920\" height=\"1920\" src=\"https:\/\/crosslam.fi\/wp-content\/uploads\/2025\/04\/markus-mv-2025.jpg\" alt=\"\" class=\"wp-image-4135\" srcset=\"https:\/\/crosslam.fi\/wp-content\/uploads\/2025\/04\/markus-mv-2025.jpg 1920w, https:\/\/crosslam.fi\/wp-content\/uploads\/2025\/04\/markus-mv-2025-300x300.jpg 300w, https:\/\/crosslam.fi\/wp-content\/uploads\/2025\/04\/markus-mv-2025-1024x1024.jpg 1024w, https:\/\/crosslam.fi\/wp-content\/uploads\/2025\/04\/markus-mv-2025-150x150.jpg 150w, https:\/\/crosslam.fi\/wp-content\/uploads\/2025\/04\/markus-mv-2025-768x768.jpg 768w, https:\/\/crosslam.fi\/wp-content\/uploads\/2025\/04\/markus-mv-2025-1536x1536.jpg 1536w, https:\/\/crosslam.fi\/wp-content\/uploads\/2025\/04\/markus-mv-2025-1600x1600.jpg 1600w\" sizes=\"auto, (max-width: 1920px) 100vw, 1920px\" \/><\/figure>\n\n\n\n<h4 class=\"wp-block-heading has-dark-gray-color has-text-color has-small-font-size\">Markus P\u00e4\u00e4kk\u00f6nen<\/h4>\n\n\n\n<p class=\"has-light-gray-color has-text-color has-small-font-size\" style=\"letter-spacing:1px\"><strong>PRODUCTION MANAGER<\/strong><\/p>\n\n\n\n<p><a href=\"tel:+358 44 714 7485\">+358 44 714 7485<\/a><br><a href=\"mailto:markus.paakkonen@crosslam.fi\">markus.paakkonen@crosslam.fi<\/a><\/p>\n\n\n\n<p><\/p>\n<\/div>\n\n\n\n<div class=\"wp-block-column is-layout-flow wp-block-column-is-layout-flow\">\n<figure class=\"wp-block-image size-full\"><img loading=\"lazy\" decoding=\"async\" width=\"1920\" height=\"1920\" src=\"https:\/\/crosslam.fi\/wp-content\/uploads\/2025\/04\/timo-mv-2025.jpg\" alt=\"\" class=\"wp-image-4139\" srcset=\"https:\/\/crosslam.fi\/wp-content\/uploads\/2025\/04\/timo-mv-2025.jpg 1920w, https:\/\/crosslam.fi\/wp-content\/uploads\/2025\/04\/timo-mv-2025-300x300.jpg 300w, https:\/\/crosslam.fi\/wp-content\/uploads\/2025\/04\/timo-mv-2025-1024x1024.jpg 1024w, https:\/\/crosslam.fi\/wp-content\/uploads\/2025\/04\/timo-mv-2025-150x150.jpg 150w, https:\/\/crosslam.fi\/wp-content\/uploads\/2025\/04\/timo-mv-2025-768x768.jpg 768w, https:\/\/crosslam.fi\/wp-content\/uploads\/2025\/04\/timo-mv-2025-1536x1536.jpg 1536w, https:\/\/crosslam.fi\/wp-content\/uploads\/2025\/04\/timo-mv-2025-1600x1600.jpg 1600w\" sizes=\"auto, (max-width: 1920px) 100vw, 1920px\" \/><\/figure>\n\n\n\n<h4 class=\"wp-block-heading has-dark-gray-color has-text-color has-small-font-size\">Timo Toivanen<\/h4>\n\n\n\n<p class=\"has-light-gray-color has-text-color has-small-font-size\" style=\"letter-spacing:1px\"><strong>PRODUCTION ENGINEER<\/strong><\/p>\n\n\n\n<p><a href=\"tel:+358 44 906 6856\">+358 44 906 6856<\/a><br><a href=\"mailto:timo.toivanen@crosslam.fi\">timo.toivanen@crosslam.fi<\/a><\/p>\n<\/div>\n\n\n\n<div class=\"wp-block-column is-layout-flow wp-block-column-is-layout-flow\">\n<p><\/p>\n<\/div>\n<\/div>\n\n\n\n<div style=\"height:30px\" aria-hidden=\"true\" class=\"wp-block-spacer\"><\/div>\n\n\n\n<h4 class=\"wp-block-heading has-dark-gray-color has-text-color has-medium-font-size\">Administration and finances<\/h4>\n\n\n\n<div style=\"height:30px\" aria-hidden=\"true\" class=\"wp-block-spacer\"><\/div>\n\n\n\n<div class=\"wp-block-columns is-layout-flex wp-container-core-columns-is-layout-9d6595d7 wp-block-columns-is-layout-flex\">\n<div class=\"wp-block-column is-layout-flow wp-block-column-is-layout-flow\">\n<figure class=\"wp-block-image size-full\"><img loading=\"lazy\" decoding=\"async\" width=\"1920\" height=\"1920\" src=\"https:\/\/crosslam.fi\/wp-content\/uploads\/2025\/04\/ville-mv-2025.jpg\" alt=\"\" class=\"wp-image-4145\" srcset=\"https:\/\/crosslam.fi\/wp-content\/uploads\/2025\/04\/ville-mv-2025.jpg 1920w, https:\/\/crosslam.fi\/wp-content\/uploads\/2025\/04\/ville-mv-2025-300x300.jpg 300w, https:\/\/crosslam.fi\/wp-content\/uploads\/2025\/04\/ville-mv-2025-1024x1024.jpg 1024w, https:\/\/crosslam.fi\/wp-content\/uploads\/2025\/04\/ville-mv-2025-150x150.jpg 150w, https:\/\/crosslam.fi\/wp-content\/uploads\/2025\/04\/ville-mv-2025-768x768.jpg 768w, https:\/\/crosslam.fi\/wp-content\/uploads\/2025\/04\/ville-mv-2025-1536x1536.jpg 1536w, https:\/\/crosslam.fi\/wp-content\/uploads\/2025\/04\/ville-mv-2025-1600x1600.jpg 1600w\" sizes=\"auto, (max-width: 1920px) 100vw, 1920px\" \/><\/figure>\n\n\n\n<h4 class=\"wp-block-heading has-dark-gray-color has-text-color has-small-font-size\">Ville Manninen<\/h4>\n\n\n\n<p class=\"has-light-gray-color has-text-color has-small-font-size\" style=\"letter-spacing:1px\"><strong>CEO<\/strong><\/p>\n\n\n\n<p><a href=\"tel:+358 44 314 1433\">+358 44 314 1433<\/a><br><a href=\"mailto:ville.manninen@crosslam.fi\">ville.manninen@crosslam.fi<\/a><\/p>\n<\/div>\n\n\n\n<div class=\"wp-block-column is-layout-flow wp-block-column-is-layout-flow\"><\/div>\n\n\n\n<div class=\"wp-block-column is-layout-flow wp-block-column-is-layout-flow\"><\/div>\n<\/div>\n\n\n\n<div style=\"height:60px\" aria-hidden=\"true\" class=\"wp-block-spacer\"><\/div>\n","protected":false},"excerpt":{"rendered":"<p>Oy Crosslam Kuhmo Ltd. Kivikatu 4, 88900 Kuhmo, Finland+358 44 7474 748asiakaspalvelu@crosslam.fi Request for quotationtarjouspyynto@crosslam.fi InvoicingE-invoicing address: 003725897678Operator: Maventa OyOperator ID: 003721291126 Sales and marketing Vesa Saarelainen SALES MANAGER +358 40&nbsp;553 4267vesa.saarelainen@crosslam.fi Susanna Pyykk\u00f6nen PROJECT MANAGER +358 44&nbsp;733 6602susanna.pyykkonen@crosslam.fi Design Tomi Malin DESIGN MANAGER +358 44 424 9389tomi.malin@crosslam.fi Heikki Huotari DESIGN ENGINEER +358 41&nbsp;311 8410heikki.huotari@crosslam.fi [&hellip;]<\/p>\n","protected":false},"author":1,"featured_media":0,"parent":0,"menu_order":0,"comment_status":"closed","ping_status":"closed","template":"","meta":{"_acf_changed":false,"footnotes":""},"class_list":["post-2057","page","type-page","status-publish","hentry"],"acf":[],"_links":{"self":[{"href":"https:\/\/crosslam.fi\/en\/wp-json\/wp\/v2\/pages\/2057","targetHints":{"allow":["GET"]}}],"collection":[{"href":"https:\/\/crosslam.fi\/en\/wp-json\/wp\/v2\/pages"}],"about":[{"href":"https:\/\/crosslam.fi\/en\/wp-json\/wp\/v2\/types\/page"}],"author":[{"embeddable":true,"href":"https:\/\/crosslam.fi\/en\/wp-json\/wp\/v2\/users\/1"}],"replies":[{"embeddable":true,"href":"https:\/\/crosslam.fi\/en\/wp-json\/wp\/v2\/comments?post=2057"}],"version-history":[{"count":6,"href":"https:\/\/crosslam.fi\/en\/wp-json\/wp\/v2\/pages\/2057\/revisions"}],"predecessor-version":[{"id":4147,"href":"https:\/\/crosslam.fi\/en\/wp-json\/wp\/v2\/pages\/2057\/revisions\/4147"}],"wp:attachment":[{"href":"https:\/\/crosslam.fi\/en\/wp-json\/wp\/v2\/media?parent=2057"}],"curies":[{"name":"wp","href":"https:\/\/api.w.org\/{rel}","templated":true}]}}